{"id":452,"date":"2024-02-14T13:37:33","date_gmt":"2024-02-14T18:37:33","guid":{"rendered":"https:\/\/shoeicanada.com\/?page_id=452"},"modified":"2025-08-20T12:12:14","modified_gmt":"2025-08-20T16:12:14","slug":"about","status":"publish","type":"page","link":"https:\/\/shoeicanada.com\/?page_id=452","title":{"rendered":"About"},"content":{"rendered":"\n<div class=\"wp-block-group alignfull has-global-padding is-content-justification-center is-layout-constrained wp-container-core-group-is-layout-452657ba wp-block-group-is-layout-constrained\" style=\"margin-top:0;margin-bottom:0;padding-top:calc( 0.5 * var(--wp--style--root--padding-right, var(--wp--custom--gap--horizontal)));padding-right:var(--wp--style--root--padding-right, var(--wp--custom--gap--horizontal));padding-bottom:calc( 0.5 * var(--wp--style--root--padding-right, var(--wp--custom--gap--horizontal)));padding-left:var(--wp--style--root--padding-left, var(--wp--custom--gap--horizontal))\">\n<div style=\"height:calc( 0.25 * var(--wp--style--root--padding-right, var(--wp--custom--gap--horizontal)))\" aria-hidden=\"true\" class=\"wp-block-spacer\"><\/div>\n\n\n\n<div class=\"wp-block-columns alignwide is-layout-flex wp-container-core-columns-is-layout-3b811c60 wp-block-columns-is-layout-flex\">\n<div class=\"wp-block-column is-layout-flow wp-container-core-column-is-layout-f141c9e2 wp-block-column-is-layout-flow\" style=\"flex-basis:50%\">\n<h2 class=\"wp-block-heading\">Sur nous<\/h2>\n<\/div>\n\n\n\n<div class=\"wp-block-column is-layout-flow wp-block-column-is-layout-flow\" style=\"flex-basis:50%\">\n<p class=\"wp-block-paragraph\">Les poudres et p\u00e2tes m\u00e9talliques produites par notre soci\u00e9t\u00e9 sont utilis\u00e9es comme mat\u00e9riaux d\u2019\u00e9lectrode pour les composantes \u00e9lectroniques, des condensateurs c\u00e9ramiques \u00e0 multicouches. Ces derniers se retrouvent dans toutes sortes d\u2019\u00e9quipements \u00e9lectroniques, y compris les ordinateurs, les t\u00e9l\u00e9phones intelligents,, les t\u00e9l\u00e9viseurs et les automobiles. Notre technologie de poudre fine permet la r\u00e9alisation de mat\u00e9riaux \u00e9lectroniques importants qui enrichissent la vie de chacun et sont indispensables \u00e0 l\u2019\u00e9volution de l\u2019\u00e9lectronique.<\/p>\n\n\n\n<p class=\"wp-block-paragraph\">Dans ce monde o\u00f9 la communication 5G devient de plus en plus courante ainsi que la communication \u00e0 grande vitesse et de grande capacit\u00e9, de multiples connexions simultan\u00e9es et des connexions en temps r\u00e9el sont r\u00e9alis\u00e9es. L\u2019\u00e8re de l\u2019IoT o\u00f9 tous les appareils seront connect\u00e9s \u00e0 Internet devient r\u00e9alis\u00e9es. Dans l\u2019industrie automobile, les appareils \u00e9lectroniques deviennent de plus en plus sophistiqu\u00e9s et multifonctionnels. Par example l\u2019\u00e9lectrification et la r\u00e9alisation de syst\u00e8mes de conduite autonome. Ceci fait que nos produits devraient \u00eatre utilis\u00e9s dans un \u00e9ventail encore plus large.<br><\/p>\n\n\n\n<p class=\"wp-block-paragraph\">Nous travaillons chaque jour pour fournir un approvisionnement stable de mat\u00e9riaux \u00e9lectroniques de haute qualit\u00e9.<\/p>\n\n\n\n<p class=\"has-text-align-right wp-block-paragraph\">M. Asada, PDF<\/p>\n<\/div>\n<\/div>\n\n\n\n<div style=\"height:calc( 0.25 * var(--wp--style--root--padding-right, var(--wp--custom--gap--horizontal)))\" aria-hidden=\"true\" class=\"wp-block-spacer\"><\/div>\n<\/div>\n\n\n\n<div class=\"wp-block-group alignfull has-global-padding is-content-justification-center is-layout-constrained wp-container-core-group-is-layout-452657ba wp-block-group-is-layout-constrained\" style=\"margin-top:0;margin-bottom:0;padding-top:calc( 0.5 * var(--wp--style--root--padding-right, var(--wp--custom--gap--horizontal)));padding-right:var(--wp--style--root--padding-right, var(--wp--custom--gap--horizontal));padding-bottom:calc( 0.5 * var(--wp--style--root--padding-right, var(--wp--custom--gap--horizontal)));padding-left:var(--wp--style--root--padding-left, var(--wp--custom--gap--horizontal))\">\n<div style=\"height:calc( 0.25 * var(--wp--style--root--padding-right, var(--wp--custom--gap--horizontal)))\" aria-hidden=\"true\" class=\"wp-block-spacer\"><\/div>\n\n\n\n<div class=\"wp-block-columns alignwide is-layout-flex wp-container-core-columns-is-layout-3b811c60 wp-block-columns-is-layout-flex\">\n<div class=\"wp-block-column is-layout-flow wp-block-column-is-layout-flow\">\n<h3 class=\"wp-block-heading has-medium-font-size\">Notre histoire<\/h3>\n\n\n\n<p class=\"wp-block-paragraph\">Depuis notre fondation en 1956, nous nous sommes efforc\u00e9s \u00e0 offrir une &#8220;technologie avant-guardiste.&#8221;<\/p>\n\n\n\n<p class=\"wp-block-paragraph\">Shoei continuera d&#8221;accueillir tous ceux qui sont int\u00e9ress\u00e9s \u00e0 travailler sur les novelles technologies.<\/p>\n\n\n\n<p class=\"wp-block-paragraph\">En tant qu\u2019entreprise se concentrant sur les nouvelles technologies, nous avons de nombreuses opportunit\u00e9s pour les personnes ayant des parcours scientifiques, et en arts lib\u00e9raux.<\/p>\n\n\n\n<p class=\"wp-block-paragraph\">Ensemble nous pourrons r\u00e9aliser encore plus!<\/p>\n\n\n\n<div style=\"height:calc( 0.25 * var(--wp--style--root--padding-right, var(--wp--custom--gap--horizontal)))\" aria-hidden=\"true\" class=\"wp-block-spacer\"><\/div>\n\n\n\n<figure class=\"wp-block-image size-full\"><img data-recalc-dims=\"1\" loading=\"lazy\" decoding=\"async\" width=\"1360\" height=\"680\" data-attachment-id=\"461\" data-permalink=\"https:\/\/shoeicanada.com\/?attachment_id=461\" data-orig-file=\"https:\/\/i0.wp.com\/shoeicanada.com\/wp-content\/uploads\/2024\/02\/product01-lg.jpg?fit=1360%2C680&amp;ssl=1\" data-orig-size=\"1360,680\" data-comments-opened=\"0\" data-image-meta=\"{&quot;aperture&quot;:&quot;0&quot;,&quot;credit&quot;:&quot;&quot;,&quot;camera&quot;:&quot;&quot;,&quot;caption&quot;:&quot;&quot;,&quot;created_timestamp&quot;:&quot;0&quot;,&quot;copyright&quot;:&quot;&quot;,&quot;focal_length&quot;:&quot;0&quot;,&quot;iso&quot;:&quot;0&quot;,&quot;shutter_speed&quot;:&quot;0&quot;,&quot;title&quot;:&quot;&quot;,&quot;orientation&quot;:&quot;0&quot;}\" data-image-title=\"product01-lg\" data-image-description=\"\" data-image-caption=\"\" data-medium-file=\"https:\/\/i0.wp.com\/shoeicanada.com\/wp-content\/uploads\/2024\/02\/product01-lg.jpg?fit=300%2C150&amp;ssl=1\" data-large-file=\"https:\/\/i0.wp.com\/shoeicanada.com\/wp-content\/uploads\/2024\/02\/product01-lg.jpg?fit=1024%2C512&amp;ssl=1\" src=\"https:\/\/i0.wp.com\/shoeicanada.com\/wp-content\/uploads\/2024\/02\/product01-lg.jpg?resize=1360%2C680&#038;ssl=1\" alt=\"\" class=\"wp-image-461\" style=\"aspect-ratio:3\/4;object-fit:cover\" srcset=\"https:\/\/i0.wp.com\/shoeicanada.com\/wp-content\/uploads\/2024\/02\/product01-lg.jpg?w=1360&amp;ssl=1 1360w, https:\/\/i0.wp.com\/shoeicanada.com\/wp-content\/uploads\/2024\/02\/product01-lg.jpg?resize=300%2C150&amp;ssl=1 300w, https:\/\/i0.wp.com\/shoeicanada.com\/wp-content\/uploads\/2024\/02\/product01-lg.jpg?resize=1024%2C512&amp;ssl=1 1024w, https:\/\/i0.wp.com\/shoeicanada.com\/wp-content\/uploads\/2024\/02\/product01-lg.jpg?resize=768%2C384&amp;ssl=1 768w, https:\/\/i0.wp.com\/shoeicanada.com\/wp-content\/uploads\/2024\/02\/product01-lg.jpg?resize=1200%2C600&amp;ssl=1 1200w\" sizes=\"auto, (max-width: 1000px) 100vw, 1000px\" \/><\/figure>\n<\/div>\n\n\n\n<div class=\"wp-block-column is-layout-flow wp-container-core-column-is-layout-317362bb wp-block-column-is-layout-flow\">\n<figure class=\"wp-block-image size-full\"><img data-recalc-dims=\"1\" loading=\"lazy\" decoding=\"async\" width=\"1360\" height=\"680\" data-attachment-id=\"462\" data-permalink=\"https:\/\/shoeicanada.com\/?attachment_id=462\" data-orig-file=\"https:\/\/i0.wp.com\/shoeicanada.com\/wp-content\/uploads\/2024\/02\/product02-lg.jpg?fit=1360%2C680&amp;ssl=1\" data-orig-size=\"1360,680\" data-comments-opened=\"0\" data-image-meta=\"{&quot;aperture&quot;:&quot;0&quot;,&quot;credit&quot;:&quot;&quot;,&quot;camera&quot;:&quot;&quot;,&quot;caption&quot;:&quot;&quot;,&quot;created_timestamp&quot;:&quot;0&quot;,&quot;copyright&quot;:&quot;&quot;,&quot;focal_length&quot;:&quot;0&quot;,&quot;iso&quot;:&quot;0&quot;,&quot;shutter_speed&quot;:&quot;0&quot;,&quot;title&quot;:&quot;&quot;,&quot;orientation&quot;:&quot;0&quot;}\" data-image-title=\"product02-lg\" data-image-description=\"\" data-image-caption=\"\" data-medium-file=\"https:\/\/i0.wp.com\/shoeicanada.com\/wp-content\/uploads\/2024\/02\/product02-lg.jpg?fit=300%2C150&amp;ssl=1\" data-large-file=\"https:\/\/i0.wp.com\/shoeicanada.com\/wp-content\/uploads\/2024\/02\/product02-lg.jpg?fit=1024%2C512&amp;ssl=1\" src=\"https:\/\/i0.wp.com\/shoeicanada.com\/wp-content\/uploads\/2024\/02\/product02-lg.jpg?resize=1360%2C680&#038;ssl=1\" alt=\"\" class=\"wp-image-462\" style=\"aspect-ratio:3\/4;object-fit:cover\" srcset=\"https:\/\/i0.wp.com\/shoeicanada.com\/wp-content\/uploads\/2024\/02\/product02-lg.jpg?w=1360&amp;ssl=1 1360w, https:\/\/i0.wp.com\/shoeicanada.com\/wp-content\/uploads\/2024\/02\/product02-lg.jpg?resize=300%2C150&amp;ssl=1 300w, https:\/\/i0.wp.com\/shoeicanada.com\/wp-content\/uploads\/2024\/02\/product02-lg.jpg?resize=1024%2C512&amp;ssl=1 1024w, https:\/\/i0.wp.com\/shoeicanada.com\/wp-content\/uploads\/2024\/02\/product02-lg.jpg?resize=768%2C384&amp;ssl=1 768w, https:\/\/i0.wp.com\/shoeicanada.com\/wp-content\/uploads\/2024\/02\/product02-lg.jpg?resize=1200%2C600&amp;ssl=1 1200w\" sizes=\"auto, (max-width: 1000px) 100vw, 1000px\" \/><\/figure>\n\n\n\n<figure class=\"wp-block-image size-full\"><img data-recalc-dims=\"1\" loading=\"lazy\" decoding=\"async\" width=\"1320\" height=\"920\" data-attachment-id=\"460\" data-permalink=\"https:\/\/shoeicanada.com\/?attachment_id=460\" data-orig-file=\"https:\/\/i0.wp.com\/shoeicanada.com\/wp-content\/uploads\/2024\/02\/img01.jpg?fit=1320%2C920&amp;ssl=1\" data-orig-size=\"1320,920\" data-comments-opened=\"0\" data-image-meta=\"{&quot;aperture&quot;:&quot;0&quot;,&quot;credit&quot;:&quot;&quot;,&quot;camera&quot;:&quot;&quot;,&quot;caption&quot;:&quot;&quot;,&quot;created_timestamp&quot;:&quot;0&quot;,&quot;copyright&quot;:&quot;&quot;,&quot;focal_length&quot;:&quot;0&quot;,&quot;iso&quot;:&quot;0&quot;,&quot;shutter_speed&quot;:&quot;0&quot;,&quot;title&quot;:&quot;&quot;,&quot;orientation&quot;:&quot;0&quot;}\" data-image-title=\"img01\" data-image-description=\"\" data-image-caption=\"\" data-medium-file=\"https:\/\/i0.wp.com\/shoeicanada.com\/wp-content\/uploads\/2024\/02\/img01.jpg?fit=300%2C209&amp;ssl=1\" data-large-file=\"https:\/\/i0.wp.com\/shoeicanada.com\/wp-content\/uploads\/2024\/02\/img01.jpg?fit=1024%2C714&amp;ssl=1\" src=\"https:\/\/i0.wp.com\/shoeicanada.com\/wp-content\/uploads\/2024\/02\/img01.jpg?resize=1320%2C920&#038;ssl=1\" alt=\"\" class=\"wp-image-460\" style=\"aspect-ratio:4\/3;object-fit:cover\" srcset=\"https:\/\/i0.wp.com\/shoeicanada.com\/wp-content\/uploads\/2024\/02\/img01.jpg?w=1320&amp;ssl=1 1320w, https:\/\/i0.wp.com\/shoeicanada.com\/wp-content\/uploads\/2024\/02\/img01.jpg?resize=300%2C209&amp;ssl=1 300w, https:\/\/i0.wp.com\/shoeicanada.com\/wp-content\/uploads\/2024\/02\/img01.jpg?resize=1024%2C714&amp;ssl=1 1024w, https:\/\/i0.wp.com\/shoeicanada.com\/wp-content\/uploads\/2024\/02\/img01.jpg?resize=768%2C535&amp;ssl=1 768w, https:\/\/i0.wp.com\/shoeicanada.com\/wp-content\/uploads\/2024\/02\/img01.jpg?resize=1200%2C836&amp;ssl=1 1200w\" sizes=\"auto, (max-width: 1000px) 100vw, 1000px\" \/><\/figure>\n<\/div>\n<\/div>\n\n\n\n<div style=\"height:calc( 0.25 * var(--wp--style--root--padding-right, var(--wp--custom--gap--horizontal)))\" aria-hidden=\"true\" class=\"wp-block-spacer\"><\/div>\n<\/div>\n\n\n\n<div class=\"wp-block-group alignfull has-global-padding is-content-justification-center is-layout-constrained wp-container-core-group-is-layout-452657ba wp-block-group-is-layout-constrained\" style=\"margin-top:0;margin-bottom:0;padding-top:calc( 0.5 * var(--wp--style--root--padding-right, var(--wp--custom--gap--horizontal)));padding-right:var(--wp--style--root--padding-right, var(--wp--custom--gap--horizontal));padding-bottom:calc( 0.5 * var(--wp--style--root--padding-right, var(--wp--custom--gap--horizontal)));padding-left:var(--wp--style--root--padding-left, var(--wp--custom--gap--horizontal))\">\n<div style=\"height:calc( 0.25 * var(--wp--style--root--padding-right, var(--wp--custom--gap--horizontal)))\" aria-hidden=\"true\" class=\"wp-block-spacer\"><\/div>\n\n\n\n<div class=\"wp-block-columns alignwide is-layout-flex wp-container-core-columns-is-layout-ea56acbb wp-block-columns-is-layout-flex\">\n<div class=\"wp-block-column is-layout-flow wp-block-column-is-layout-flow\">\n<h3 class=\"wp-block-heading has-text-align-left has-medium-font-size\">Nos Produits<\/h3>\n\n\n\n<p class=\"wp-block-paragraph\">La taille de la poudre m\u00e9tallique que nous fabriquons est d\u2019au moins 80 nm.<br>C\u2019est le monde des nanoparticules, qui sont encore plus petites que les cheveux, le pollen, les globules rouges et les bact\u00e9ries.<br>Nos produits m\u00eame si invisibles \u00e0 oeil b\u00e9n\u00e9ficient grandement la vie des gens.<\/p>\n<\/div>\n\n\n\n<div class=\"wp-block-column is-layout-flow wp-block-column-is-layout-flow\">\n<h3 class=\"wp-block-heading has-text-align-left has-medium-font-size\">quel cas est-il utilis\u00e9<\/h3>\n\n\n\n<p class=\"wp-block-paragraph\">De ce jour, on est tout familiers avec les t\u00e9l\u00e9phones intelligents<br>Ceux-ci  sont  \u00e9quip\u00e9 d\u2019environ 1000 CAMC, sans compter les ordinateurs, les consoles de jeux et les voitures.<\/p>\n\n\n\n<p class=\"wp-block-paragraph\">De plus, nos produits sont utilis\u00e9s dans toutes sortes d&#8217;equipments \u00e9lectroniques, tels que les \u00e9quipements de r\u00e9seau, les v\u00e9hicules \u00e9lectriques et m\u00eame les satellites artificiels.<\/p>\n<\/div>\n\n\n\n<div class=\"wp-block-column is-layout-flow wp-block-column-is-layout-flow\">\n<h3 class=\"wp-block-heading has-text-align-left has-medium-font-size\">POurquoi shoei<\/h3>\n\n\n\n<p class=\"wp-block-paragraph\">Les appareils \u00e9lectroniques sont de plus en plus sophistiqu\u00e9s.<br>Afin de r\u00e9aliser des composants \u00e9lectroniques plus petits et plus performants, nous devons produire des particules encore plus fines et uniformes.<br><br>Nous effectuons des recherches chaque jour pour r\u00e9pondre aux besoins du march\u00e9.<br>Une autre de nos forces est que nous fabriquons de la poudre \u00e0 la p\u00e2te dialectique.<br>Nous r\u00e9pondons aux besoins de l&#8217;industrie avec flexibilit\u00e9 et coh\u00e9rence.<\/p>\n<\/div>\n<\/div>\n\n\n\n<div style=\"height:calc( 0.25 * var(--wp--style--root--padding-right, var(--wp--custom--gap--horizontal)))\" aria-hidden=\"true\" class=\"wp-block-spacer\"><\/div>\n<\/div>\n\n\n\n<div class=\"wp-block-group alignfull has-global-padding is-content-justification-center is-layout-constrained wp-container-core-group-is-layout-452657ba wp-block-group-is-layout-constrained\" style=\"margin-top:0;margin-bottom:0;padding-top:calc( 0.5 * var(--wp--style--root--padding-right, var(--wp--custom--gap--horizontal)));padding-right:var(--wp--style--root--padding-right, var(--wp--custom--gap--horizontal));padding-bottom:calc( 0.5 * var(--wp--style--root--padding-right, var(--wp--custom--gap--horizontal)));padding-left:var(--wp--style--root--padding-left, var(--wp--custom--gap--horizontal))\">\n<div style=\"height:calc( 0.25 * var(--wp--style--root--padding-right, var(--wp--custom--gap--horizontal)))\" aria-hidden=\"true\" class=\"wp-block-spacer\"><\/div>\n\n\n\n<div class=\"wp-block-columns alignwide is-layout-flex wp-container-core-columns-is-layout-3b811c60 wp-block-columns-is-layout-flex\">\n<div class=\"wp-block-column is-vertically-aligned-bottom is-layout-flow wp-block-column-is-layout-flow\">\n<figure class=\"wp-block-image size-full is-resized\"><img data-recalc-dims=\"1\" loading=\"lazy\" decoding=\"async\" width=\"500\" height=\"500\" data-attachment-id=\"1084\" data-permalink=\"https:\/\/shoeicanada.com\/?attachment_id=1084\" data-orig-file=\"https:\/\/i0.wp.com\/shoeicanada.com\/wp-content\/uploads\/2025\/08\/image2.png?fit=500%2C500&amp;ssl=1\" data-orig-size=\"500,500\" data-comments-opened=\"0\" data-image-meta=\"{&quot;aperture&quot;:&quot;0&quot;,&quot;credit&quot;:&quot;&quot;,&quot;camera&quot;:&quot;&quot;,&quot;caption&quot;:&quot;&quot;,&quot;created_timestamp&quot;:&quot;0&quot;,&quot;copyright&quot;:&quot;&quot;,&quot;focal_length&quot;:&quot;0&quot;,&quot;iso&quot;:&quot;0&quot;,&quot;shutter_speed&quot;:&quot;0&quot;,&quot;title&quot;:&quot;&quot;,&quot;orientation&quot;:&quot;0&quot;}\" data-image-title=\"image2\" data-image-description=\"\" data-image-caption=\"\" data-medium-file=\"https:\/\/i0.wp.com\/shoeicanada.com\/wp-content\/uploads\/2025\/08\/image2.png?fit=300%2C300&amp;ssl=1\" data-large-file=\"https:\/\/i0.wp.com\/shoeicanada.com\/wp-content\/uploads\/2025\/08\/image2.png?fit=500%2C500&amp;ssl=1\" src=\"https:\/\/i0.wp.com\/shoeicanada.com\/wp-content\/uploads\/2025\/08\/image2.png?resize=500%2C500&#038;ssl=1\" alt=\"\" class=\"wp-image-1084\" style=\"object-fit:cover;width:584px;height:auto\" srcset=\"https:\/\/i0.wp.com\/shoeicanada.com\/wp-content\/uploads\/2025\/08\/image2.png?w=500&amp;ssl=1 500w, https:\/\/i0.wp.com\/shoeicanada.com\/wp-content\/uploads\/2025\/08\/image2.png?resize=300%2C300&amp;ssl=1 300w, https:\/\/i0.wp.com\/shoeicanada.com\/wp-content\/uploads\/2025\/08\/image2.png?resize=150%2C150&amp;ssl=1 150w, https:\/\/i0.wp.com\/shoeicanada.com\/wp-content\/uploads\/2025\/08\/image2.png?resize=400%2C400&amp;ssl=1 400w, https:\/\/i0.wp.com\/shoeicanada.com\/wp-content\/uploads\/2025\/08\/image2.png?resize=200%2C200&amp;ssl=1 200w\" sizes=\"auto, (max-width: 500px) 100vw, 500px\" \/><\/figure>\n<\/div>\n\n\n\n<div class=\"wp-block-column is-vertically-aligned-center is-layout-flow wp-block-column-is-layout-flow\">\n<h2 class=\"wp-block-heading\">nous embauchons<\/h2>\n\n\n\n<p class=\"wp-block-paragraph\">Nous sommes toujours \u00e0 la recherche de personnes ambitieuses et qualifi\u00e9es.<br>Rejoignez l\u2019\u00e9quipe d\u00e8s maintenant.<\/p>\n\n\n\n<div class=\"wp-block-buttons is-layout-flex wp-block-buttons-is-layout-flex\">\n<div class=\"wp-block-button\"><a class=\"wp-block-button__link wp-element-button\" href=\"https:\/\/shoeicanada.com\/?page_id=472\">Postes DISPOniBLES<\/a><\/div>\n<\/div>\n<\/div>\n<\/div>\n\n\n\n<div style=\"height:calc( 0.25 * var(--wp--style--root--padding-right, var(--wp--custom--gap--horizontal)))\" aria-hidden=\"true\" class=\"wp-block-spacer\"><\/div>\n<\/div>\n","protected":false},"excerpt":{"rendered":"<p>Sur nous Les poudres et p\u00e2tes m\u00e9talliques produites par notre soci\u00e9t\u00e9 sont utilis\u00e9es comme mat\u00e9riaux d\u2019\u00e9lectrode pour les composantes \u00e9lectroniques, des condensateurs c\u00e9ramiques \u00e0 multicouches. Ces derniers se retrouvent dans toutes sortes d\u2019\u00e9quipements \u00e9lectroniques, y compris les ordinateurs, les t\u00e9l\u00e9phones intelligents,, les t\u00e9l\u00e9viseurs et les automobiles. Notre technologie de poudre fine permet la r\u00e9alisation de [&hellip;]<\/p>\n","protected":false},"author":212823019,"featured_media":0,"parent":0,"menu_order":0,"comment_status":"closed","ping_status":"closed","template":"","meta":{"_coblocks_attr":"","_coblocks_dimensions":"","_coblocks_responsive_height":"","_coblocks_accordion_ie_support":"","_crdt_document":"","advanced_seo_description":"","jetpack_seo_html_title":"","jetpack_seo_noindex":false,"footnotes":""},"class_list":["post-452","page","type-page","status-publish","hentry"],"jetpack_likes_enabled":true,"jetpack_sharing_enabled":true,"jetpack_shortlink":"https:\/\/wp.me\/PdsvTK-7i","amp_enabled":true,"_links":{"self":[{"href":"https:\/\/shoeicanada.com\/index.php?rest_route=\/wp\/v2\/pages\/452","targetHints":{"allow":["GET"]}}],"collection":[{"href":"https:\/\/shoeicanada.com\/index.php?rest_route=\/wp\/v2\/pages"}],"about":[{"href":"https:\/\/shoeicanada.com\/index.php?rest_route=\/wp\/v2\/types\/page"}],"author":[{"embeddable":true,"href":"https:\/\/shoeicanada.com\/index.php?rest_route=\/wp\/v2\/users\/212823019"}],"replies":[{"embeddable":true,"href":"https:\/\/shoeicanada.com\/index.php?rest_route=%2Fwp%2Fv2%2Fcomments&post=452"}],"version-history":[{"count":10,"href":"https:\/\/shoeicanada.com\/index.php?rest_route=\/wp\/v2\/pages\/452\/revisions"}],"predecessor-version":[{"id":1085,"href":"https:\/\/shoeicanada.com\/index.php?rest_route=\/wp\/v2\/pages\/452\/revisions\/1085"}],"wp:attachment":[{"href":"https:\/\/shoeicanada.com\/index.php?rest_route=%2Fwp%2Fv2%2Fmedia&parent=452"}],"curies":[{"name":"wp","href":"https:\/\/api.w.org\/{rel}","templated":true}]}}